{"id":11,"date":"2023-07-10T18:51:09","date_gmt":"2023-07-10T18:51:09","guid":{"rendered":"https:\/\/www.wildhandelgevers.de\/?page_id=11"},"modified":"2023-08-02T19:04:52","modified_gmt":"2023-08-02T19:04:52","slug":"groswild","status":"publish","type":"page","link":"https:\/\/www.wildhandelgevers.de\/index.php\/groswild\/","title":{"rendered":"Lieferung von Gro\u00dfwild"},"content":{"rendered":"\t\t<div data-elementor-type=\"wp-page\" data-elementor-id=\"11\" class=\"elementor elementor-11\">\n\t\t\t\t\t\t<section class=\"elementor-section elementor-top-section elementor-element elementor-element-d9b7d29 elementor-section-boxed elementor-section-height-default elementor-section-height-default\" data-id=\"d9b7d29\" data-element_type=\"section\" data-e-type=\"section\" data-settings=\"{&quot;background_background&quot;:&quot;classic&quot;}\">\n\t\t\t\t\t\t\t<div class=\"elementor-background-overlay\"><\/div>\n\t\t\t\t\t\t\t<div class=\"elementor-container elementor-column-gap-default\">\n\t\t\t\t\t<div class=\"elementor-column elementor-col-100 elementor-top-column elementor-element elementor-element-5a1b7084\" data-id=\"5a1b7084\" data-element_type=\"column\" data-e-type=\"column\">\n\t\t\t<div class=\"elementor-widget-wrap elementor-element-populated\">\n\t\t\t\t\t\t<div class=\"elementor-element elementor-element-7618576 elementor-widget elementor-widget-heading\" data-id=\"7618576\" data-element_type=\"widget\" data-e-type=\"widget\" data-widget_type=\"heading.default\">\n\t\t\t\t<div class=\"elementor-widget-container\">\n\t\t\t\t\t<h1 class=\"elementor-heading-title elementor-size-default\">Lieferung von Gro\u00dfwild<\/h1>\t\t\t\t<\/div>\n\t\t\t\t<\/div>\n\t\t\t\t\t<\/div>\n\t\t<\/div>\n\t\t\t\t\t<\/div>\n\t\t<\/section>\n\t\t\t\t<section class=\"elementor-section elementor-top-section elementor-element elementor-element-4a40f859 elementor-section-boxed elementor-section-height-default elementor-section-height-default\" data-id=\"4a40f859\" data-element_type=\"section\" data-e-type=\"section\" data-settings=\"{&quot;background_background&quot;:&quot;classic&quot;}\">\n\t\t\t\t\t\t\t<div class=\"elementor-background-overlay\"><\/div>\n\t\t\t\t\t\t\t<div class=\"elementor-container elementor-column-gap-default\">\n\t\t\t\t\t<div class=\"elementor-column elementor-col-50 elementor-top-column elementor-element elementor-element-cb5497e\" data-id=\"cb5497e\" data-element_type=\"column\" data-e-type=\"column\">\n\t\t\t<div class=\"elementor-widget-wrap elementor-element-populated\">\n\t\t\t\t\t\t<div class=\"elementor-element elementor-element-1ad277c elementor-widget elementor-widget-spacer\" data-id=\"1ad277c\" data-element_type=\"widget\" data-e-type=\"widget\" data-widget_type=\"spacer.default\">\n\t\t\t\t<div class=\"elementor-widget-container\">\n\t\t\t\t\t\t\t<div class=\"elementor-spacer\">\n\t\t\t<div class=\"elementor-spacer-inner\"><\/div>\n\t\t<\/div>\n\t\t\t\t\t\t<\/div>\n\t\t\t\t<\/div>\n\t\t\t\t<div class=\"elementor-element elementor-element-607b630b animated-slow elementor-invisible elementor-widget elementor-widget-image\" data-id=\"607b630b\" data-element_type=\"widget\" data-e-type=\"widget\" data-settings=\"{&quot;_animation&quot;:&quot;fadeIn&quot;,&quot;_animation_delay&quot;:400}\" data-widget_type=\"image.default\">\n\t\t\t\t<div class=\"elementor-widget-container\">\n\t\t\t\t\t\t\t\t\t\t\t\t\t\t\t<img decoding=\"async\" src=\"https:\/\/www.wildhandelgevers.de\/wp-content\/uploads\/elementor\/thumbs\/F1000003-q9801yyhn4ni5a7p6i1ju2jth07rscxdfbkr693ioc.jpg\" title=\"F1000003.jpg\" alt=\"F1000003.jpg\" loading=\"lazy\" \/>\t\t\t\t\t\t\t\t\t\t\t\t\t\t\t<\/div>\n\t\t\t\t<\/div>\n\t\t\t\t\t<\/div>\n\t\t<\/div>\n\t\t\t\t<div class=\"elementor-column elementor-col-50 elementor-top-column elementor-element elementor-element-955695c\" data-id=\"955695c\" data-element_type=\"column\" data-e-type=\"column\" data-settings=\"{&quot;background_background&quot;:&quot;classic&quot;}\">\n\t\t\t<div class=\"elementor-widget-wrap elementor-element-populated\">\n\t\t\t\t\t\t<div class=\"elementor-element elementor-element-24640bea elementor-widget elementor-widget-heading\" data-id=\"24640bea\" data-element_type=\"widget\" data-e-type=\"widget\" data-widget_type=\"heading.default\">\n\t\t\t\t<div class=\"elementor-widget-container\">\n\t\t\t\t\t<h2 class=\"elementor-heading-title elementor-size-default\">Lieferung von Gro\u00dfwild bei Gevers...<\/h2>\t\t\t\t<\/div>\n\t\t\t\t<\/div>\n\t\t\t\t<div class=\"elementor-element elementor-element-477ef03c elementor-widget elementor-widget-spacer\" data-id=\"477ef03c\" data-element_type=\"widget\" data-e-type=\"widget\" data-widget_type=\"spacer.default\">\n\t\t\t\t<div class=\"elementor-widget-container\">\n\t\t\t\t\t\t\t<div class=\"elementor-spacer\">\n\t\t\t<div class=\"elementor-spacer-inner\"><\/div>\n\t\t<\/div>\n\t\t\t\t\t\t<\/div>\n\t\t\t\t<\/div>\n\t\t\t\t<div class=\"elementor-element elementor-element-2305e1b3 animated-fast elementor-invisible elementor-widget elementor-widget-text-editor\" data-id=\"2305e1b3\" data-element_type=\"widget\" data-e-type=\"widget\" data-settings=\"{&quot;_animation&quot;:&quot;fadeInUp&quot;}\" data-widget_type=\"text-editor.default\">\n\t\t\t\t<div class=\"elementor-widget-container\">\n\t\t\t\t\t\t\t\t\t<p>Aufgrund der strengen weiteren Wilduntersuchung, die in der Schlachterei stattfindet, sind wir gezwungen, NUR GESUNDES UND SAUBERES WILD anzunehmen. Wild mit einem falschen Schuss muss sofort mit kaltem Wasser gesp\u00fclt werden, und betroffene Rippen\/Flanken m\u00fcssen abgeschnitten werden.<\/p><p>TIPP: Nehmen Sie Wasser und das daf\u00fcr ben\u00f6tigte Material mit ins Feld, damit es sofort griffbereit ist.<\/p><p>Absch\u00fcsse im R\u00fccken oder in den Hinterl\u00e4ufen werden abgezogen: R\u00fccken -30%, Hinterl\u00e4ufe -20%.<\/p><p>Absch\u00fcsse in die Vorderl\u00e4ufe werden akzeptiert.<\/p><p>Bei Wildschweinen f\u00fchren wir die Trichinenuntersuchung selbst durch. Die Kosten betragen 5 \u20ac pro Wildschwein.<\/p><p>\u00a0<\/p>\t\t\t\t\t\t\t\t<\/div>\n\t\t\t\t<\/div>\n\t\t\t\t\t<\/div>\n\t\t<\/div>\n\t\t\t\t\t<\/div>\n\t\t<\/section>\n\t\t\t\t<section class=\"elementor-section elementor-top-section elementor-element elementor-element-cc738ad elementor-section-boxed elementor-section-height-default elementor-section-height-default\" data-id=\"cc738ad\" data-element_type=\"section\" data-e-type=\"section\" data-settings=\"{&quot;background_background&quot;:&quot;classic&quot;}\">\n\t\t\t\t\t\t\t<div class=\"elementor-background-overlay\"><\/div>\n\t\t\t\t\t\t\t<div class=\"elementor-container elementor-column-gap-default\">\n\t\t\t\t\t<div class=\"elementor-column elementor-col-100 elementor-top-column elementor-element elementor-element-5668630\" data-id=\"5668630\" data-element_type=\"column\" data-e-type=\"column\">\n\t\t\t<div class=\"elementor-widget-wrap elementor-element-populated\">\n\t\t\t\t\t\t<section class=\"elementor-section elementor-inner-section elementor-element elementor-element-06940f3 elementor-section-boxed elementor-section-height-default elementor-section-height-default\" data-id=\"06940f3\" data-element_type=\"section\" data-e-type=\"section\">\n\t\t\t\t\t\t<div class=\"elementor-container elementor-column-gap-default\">\n\t\t\t\t\t<div class=\"elementor-column elementor-col-100 elementor-inner-column elementor-element elementor-element-0c44feb\" data-id=\"0c44feb\" data-element_type=\"column\" data-e-type=\"column\">\n\t\t\t<div class=\"elementor-widget-wrap elementor-element-populated\">\n\t\t\t\t\t\t<div class=\"elementor-element elementor-element-aa6f6a6 elementor-widget elementor-widget-heading\" data-id=\"aa6f6a6\" data-element_type=\"widget\" data-e-type=\"widget\" data-widget_type=\"heading.default\">\n\t\t\t\t<div class=\"elementor-widget-container\">\n\t\t\t\t\t<h2 class=\"elementor-heading-title elementor-size-default\">Nehmen Sie Kontakt mit uns auf.<\/h2>\t\t\t\t<\/div>\n\t\t\t\t<\/div>\n\t\t\t\t\t<\/div>\n\t\t<\/div>\n\t\t\t\t\t<\/div>\n\t\t<\/section>\n\t\t\t\t<div class=\"elementor-element elementor-element-f6d54ea elementor-widget elementor-widget-text-editor\" data-id=\"f6d54ea\" data-element_type=\"widget\" data-e-type=\"widget\" data-widget_type=\"text-editor.default\">\n\t\t\t\t<div class=\"elementor-widget-container\">\n\t\t\t\t\t\t\t\t\t<p>F\u00fcr Fragen oder weitere Informationen? <br>Nehmen Sie gerne \u00fcber den untenstehenden Button Kontakt mit uns auf!<\/p>\t\t\t\t\t\t\t\t<\/div>\n\t\t\t\t<\/div>\n\t\t\t\t<div class=\"elementor-element elementor-element-b91913c elementor-align-justify elementor-mobile-align-justify elementor-widget-mobile__width-inherit elementor-widget__width-auto elementor-widget elementor-widget-button\" data-id=\"b91913c\" data-element_type=\"widget\" data-e-type=\"widget\" data-widget_type=\"button.default\">\n\t\t\t\t<div class=\"elementor-widget-container\">\n\t\t\t\t\t\t\t\t\t<div class=\"elementor-button-wrapper\">\n\t\t\t\t\t<a class=\"elementor-button elementor-button-link elementor-size-sm elementor-animation-wobble-vertical\" href=\"https:\/\/www.wildhandelgevers.de\/index.php\/kontakt\/\">\n\t\t\t\t\t\t<span class=\"elementor-button-content-wrapper\">\n\t\t\t\t\t\t<span class=\"elementor-button-icon\">\n\t\t\t\t<i aria-hidden=\"true\" class=\"far fa-arrow-alt-circle-right\"><\/i>\t\t\t<\/span>\n\t\t\t\t\t\t\t\t\t<span class=\"elementor-button-text\">Kontakt<\/span>\n\t\t\t\t\t<\/span>\n\t\t\t\t\t<\/a>\n\t\t\t\t<\/div>\n\t\t\t\t\t\t\t\t<\/div>\n\t\t\t\t<\/div>\n\t\t\t\t\t<\/div>\n\t\t<\/div>\n\t\t\t\t\t<\/div>\n\t\t<\/section>\n\t\t\t\t<\/div>\n\t\t","protected":false},"excerpt":{"rendered":"<p>Lieferung von Gro\u00dfwild Lieferung von Gro\u00dfwild bei Gevers&#8230; Aufgrund der strengen weiteren Wilduntersuchung, die in der Schlachterei stattfindet, sind wir gezwungen, NUR GESUNDES UND SAUBERES WILD anzunehmen. Wild mit einem falschen Schuss muss sofort mit kaltem Wasser gesp\u00fclt werden, und betroffene Rippen\/Flanken m\u00fcssen abgeschnitten werden. TIPP: Nehmen Sie Wasser und das daf\u00fcr ben\u00f6tigte Material mit &hellip;<\/p>\n<p class=\"read-more\"> <a class=\"\" href=\"https:\/\/www.wildhandelgevers.de\/index.php\/groswild\/\"> <span class=\"screen-reader-text\">Lieferung von Gro\u00dfwild<\/span> Lees meer &raquo;<\/a><\/p>\n","protected":false},"author":1,"featured_media":0,"parent":0,"menu_order":0,"comment_status":"closed","ping_status":"closed","template":"","meta":{"site-sidebar-layout":"no-sidebar","site-content-layout":"page-builder","ast-global-header-display":"","ast-banner-title-visibility":"","ast-main-header-display":"","ast-hfb-above-header-display":"","ast-hfb-below-header-display":"","ast-hfb-mobile-header-display":"","site-post-title":"disabled","ast-breadcrumbs-content":"","ast-featured-img":"disabled","footer-sml-layout":"","theme-transparent-header-meta":"","adv-header-id-meta":"","stick-header-meta":"","header-above-stick-meta":"","header-main-stick-meta":"","header-below-stick-meta":"","footnotes":""},"class_list":["post-11","page","type-page","status-publish","hentry"],"yoast_head":"<!-- This site is optimized with the Yoast SEO plugin v27.5 - https:\/\/yoast.com\/product\/yoast-seo-wordpress\/ -->\n<title>Lieferung von Gro\u00dfwild -<\/title>\n<meta name=\"robots\" content=\"index, follow, max-snippet:-1, max-image-preview:large, max-video-preview:-1\" \/>\n<link rel=\"canonical\" href=\"https:\/\/www.wildhandelgevers.de\/index.php\/groswild\/\" \/>\n<meta property=\"og:locale\" content=\"nl_NL\" \/>\n<meta property=\"og:type\" content=\"article\" \/>\n<meta property=\"og:title\" content=\"Lieferung von Gro\u00dfwild -\" \/>\n<meta property=\"og:description\" content=\"Lieferung von Gro\u00dfwild Lieferung von Gro\u00dfwild bei Gevers&#8230; Aufgrund der strengen weiteren Wilduntersuchung, die in der Schlachterei stattfindet, sind wir gezwungen, NUR GESUNDES UND SAUBERES WILD anzunehmen. Wild mit einem falschen Schuss muss sofort mit kaltem Wasser gesp\u00fclt werden, und betroffene Rippen\/Flanken m\u00fcssen abgeschnitten werden. TIPP: Nehmen Sie Wasser und das daf\u00fcr ben\u00f6tigte Material mit &hellip; Lieferung von Gro\u00dfwild Lees meer &raquo;\" \/>\n<meta property=\"og:url\" content=\"https:\/\/www.wildhandelgevers.de\/index.php\/groswild\/\" \/>\n<meta property=\"article:modified_time\" content=\"2023-08-02T19:04:52+00:00\" \/>\n<meta property=\"og:image\" content=\"https:\/\/www.wildhandelgevers.de\/wp-content\/uploads\/elementor\/thumbs\/F1000003-q9801yyhn4ni5a7p6i1ju2jth07rscxdfbkr693ioc.jpg\" \/>\n<meta name=\"twitter:card\" content=\"summary_large_image\" \/>\n<meta name=\"twitter:label1\" content=\"Geschatte leestijd\" \/>\n\t<meta name=\"twitter:data1\" content=\"1 minuut\" \/>\n<script type=\"application\/ld+json\" class=\"yoast-schema-graph\">{\"@context\":\"https:\\\/\\\/schema.org\",\"@graph\":[{\"@type\":\"WebPage\",\"@id\":\"https:\\\/\\\/www.wildhandelgevers.de\\\/index.php\\\/groswild\\\/\",\"url\":\"https:\\\/\\\/www.wildhandelgevers.de\\\/index.php\\\/groswild\\\/\",\"name\":\"Lieferung von Gro\u00dfwild -\",\"isPartOf\":{\"@id\":\"https:\\\/\\\/www.wildhandelgevers.de\\\/#website\"},\"primaryImageOfPage\":{\"@id\":\"https:\\\/\\\/www.wildhandelgevers.de\\\/index.php\\\/groswild\\\/#primaryimage\"},\"image\":{\"@id\":\"https:\\\/\\\/www.wildhandelgevers.de\\\/index.php\\\/groswild\\\/#primaryimage\"},\"thumbnailUrl\":\"https:\\\/\\\/www.wildhandelgevers.de\\\/wp-content\\\/uploads\\\/elementor\\\/thumbs\\\/F1000003-q9801yyhn4ni5a7p6i1ju2jth07rscxdfbkr693ioc.jpg\",\"datePublished\":\"2023-07-10T18:51:09+00:00\",\"dateModified\":\"2023-08-02T19:04:52+00:00\",\"breadcrumb\":{\"@id\":\"https:\\\/\\\/www.wildhandelgevers.de\\\/index.php\\\/groswild\\\/#breadcrumb\"},\"inLanguage\":\"nl-NL\",\"potentialAction\":[{\"@type\":\"ReadAction\",\"target\":[\"https:\\\/\\\/www.wildhandelgevers.de\\\/index.php\\\/groswild\\\/\"]}]},{\"@type\":\"ImageObject\",\"inLanguage\":\"nl-NL\",\"@id\":\"https:\\\/\\\/www.wildhandelgevers.de\\\/index.php\\\/groswild\\\/#primaryimage\",\"url\":\"https:\\\/\\\/www.wildhandelgevers.de\\\/wp-content\\\/uploads\\\/elementor\\\/thumbs\\\/F1000003-q9801yyhn4ni5a7p6i1ju2jth07rscxdfbkr693ioc.jpg\",\"contentUrl\":\"https:\\\/\\\/www.wildhandelgevers.de\\\/wp-content\\\/uploads\\\/elementor\\\/thumbs\\\/F1000003-q9801yyhn4ni5a7p6i1ju2jth07rscxdfbkr693ioc.jpg\"},{\"@type\":\"BreadcrumbList\",\"@id\":\"https:\\\/\\\/www.wildhandelgevers.de\\\/index.php\\\/groswild\\\/#breadcrumb\",\"itemListElement\":[{\"@type\":\"ListItem\",\"position\":1,\"name\":\"Startseite\",\"item\":\"https:\\\/\\\/www.wildhandelgevers.de\\\/\"},{\"@type\":\"ListItem\",\"position\":2,\"name\":\"Lieferung von Gro\u00dfwild\"}]},{\"@type\":\"WebSite\",\"@id\":\"https:\\\/\\\/www.wildhandelgevers.de\\\/#website\",\"url\":\"https:\\\/\\\/www.wildhandelgevers.de\\\/\",\"name\":\"\",\"description\":\"\",\"potentialAction\":[{\"@type\":\"SearchAction\",\"target\":{\"@type\":\"EntryPoint\",\"urlTemplate\":\"https:\\\/\\\/www.wildhandelgevers.de\\\/?s={search_term_string}\"},\"query-input\":{\"@type\":\"PropertyValueSpecification\",\"valueRequired\":true,\"valueName\":\"search_term_string\"}}],\"inLanguage\":\"nl-NL\"}]}<\/script>\n<!-- \/ Yoast SEO plugin. -->","yoast_head_json":{"title":"Lieferung von Gro\u00dfwild -","robots":{"index":"index","follow":"follow","max-snippet":"max-snippet:-1","max-image-preview":"max-image-preview:large","max-video-preview":"max-video-preview:-1"},"canonical":"https:\/\/www.wildhandelgevers.de\/index.php\/groswild\/","og_locale":"nl_NL","og_type":"article","og_title":"Lieferung von Gro\u00dfwild -","og_description":"Lieferung von Gro\u00dfwild Lieferung von Gro\u00dfwild bei Gevers&#8230; Aufgrund der strengen weiteren Wilduntersuchung, die in der Schlachterei stattfindet, sind wir gezwungen, NUR GESUNDES UND SAUBERES WILD anzunehmen. Wild mit einem falschen Schuss muss sofort mit kaltem Wasser gesp\u00fclt werden, und betroffene Rippen\/Flanken m\u00fcssen abgeschnitten werden. TIPP: Nehmen Sie Wasser und das daf\u00fcr ben\u00f6tigte Material mit &hellip; Lieferung von Gro\u00dfwild Lees meer &raquo;","og_url":"https:\/\/www.wildhandelgevers.de\/index.php\/groswild\/","article_modified_time":"2023-08-02T19:04:52+00:00","og_image":[{"url":"https:\/\/www.wildhandelgevers.de\/wp-content\/uploads\/elementor\/thumbs\/F1000003-q9801yyhn4ni5a7p6i1ju2jth07rscxdfbkr693ioc.jpg","type":"","width":"","height":""}],"twitter_card":"summary_large_image","twitter_misc":{"Geschatte leestijd":"1 minuut"},"schema":{"@context":"https:\/\/schema.org","@graph":[{"@type":"WebPage","@id":"https:\/\/www.wildhandelgevers.de\/index.php\/groswild\/","url":"https:\/\/www.wildhandelgevers.de\/index.php\/groswild\/","name":"Lieferung von Gro\u00dfwild -","isPartOf":{"@id":"https:\/\/www.wildhandelgevers.de\/#website"},"primaryImageOfPage":{"@id":"https:\/\/www.wildhandelgevers.de\/index.php\/groswild\/#primaryimage"},"image":{"@id":"https:\/\/www.wildhandelgevers.de\/index.php\/groswild\/#primaryimage"},"thumbnailUrl":"https:\/\/www.wildhandelgevers.de\/wp-content\/uploads\/elementor\/thumbs\/F1000003-q9801yyhn4ni5a7p6i1ju2jth07rscxdfbkr693ioc.jpg","datePublished":"2023-07-10T18:51:09+00:00","dateModified":"2023-08-02T19:04:52+00:00","breadcrumb":{"@id":"https:\/\/www.wildhandelgevers.de\/index.php\/groswild\/#breadcrumb"},"inLanguage":"nl-NL","potentialAction":[{"@type":"ReadAction","target":["https:\/\/www.wildhandelgevers.de\/index.php\/groswild\/"]}]},{"@type":"ImageObject","inLanguage":"nl-NL","@id":"https:\/\/www.wildhandelgevers.de\/index.php\/groswild\/#primaryimage","url":"https:\/\/www.wildhandelgevers.de\/wp-content\/uploads\/elementor\/thumbs\/F1000003-q9801yyhn4ni5a7p6i1ju2jth07rscxdfbkr693ioc.jpg","contentUrl":"https:\/\/www.wildhandelgevers.de\/wp-content\/uploads\/elementor\/thumbs\/F1000003-q9801yyhn4ni5a7p6i1ju2jth07rscxdfbkr693ioc.jpg"},{"@type":"BreadcrumbList","@id":"https:\/\/www.wildhandelgevers.de\/index.php\/groswild\/#breadcrumb","itemListElement":[{"@type":"ListItem","position":1,"name":"Startseite","item":"https:\/\/www.wildhandelgevers.de\/"},{"@type":"ListItem","position":2,"name":"Lieferung von Gro\u00dfwild"}]},{"@type":"WebSite","@id":"https:\/\/www.wildhandelgevers.de\/#website","url":"https:\/\/www.wildhandelgevers.de\/","name":"","description":"","potentialAction":[{"@type":"SearchAction","target":{"@type":"EntryPoint","urlTemplate":"https:\/\/www.wildhandelgevers.de\/?s={search_term_string}"},"query-input":{"@type":"PropertyValueSpecification","valueRequired":true,"valueName":"search_term_string"}}],"inLanguage":"nl-NL"}]}},"_links":{"self":[{"href":"https:\/\/www.wildhandelgevers.de\/index.php\/wp-json\/wp\/v2\/pages\/11","targetHints":{"allow":["GET"]}}],"collection":[{"href":"https:\/\/www.wildhandelgevers.de\/index.php\/wp-json\/wp\/v2\/pages"}],"about":[{"href":"https:\/\/www.wildhandelgevers.de\/index.php\/wp-json\/wp\/v2\/types\/page"}],"author":[{"embeddable":true,"href":"https:\/\/www.wildhandelgevers.de\/index.php\/wp-json\/wp\/v2\/users\/1"}],"replies":[{"embeddable":true,"href":"https:\/\/www.wildhandelgevers.de\/index.php\/wp-json\/wp\/v2\/comments?post=11"}],"version-history":[{"count":26,"href":"https:\/\/www.wildhandelgevers.de\/index.php\/wp-json\/wp\/v2\/pages\/11\/revisions"}],"predecessor-version":[{"id":289,"href":"https:\/\/www.wildhandelgevers.de\/index.php\/wp-json\/wp\/v2\/pages\/11\/revisions\/289"}],"wp:attachment":[{"href":"https:\/\/www.wildhandelgevers.de\/index.php\/wp-json\/wp\/v2\/media?parent=11"}],"curies":[{"name":"wp","href":"https:\/\/api.w.org\/{rel}","templated":true}]}}